{"id":8403,"date":"2025-03-12T14:58:09","date_gmt":"2025-03-12T13:58:09","guid":{"rendered":"https:\/\/www.portboulognecalais.fr\/goods-services\/"},"modified":"2025-11-18T12:16:26","modified_gmt":"2025-11-18T11:16:26","slug":"goods-services","status":"publish","type":"page","link":"https:\/\/www.portboulognecalais.fr\/en\/services-for-professionals\/goods-services\/","title":{"rendered":"Goods services"},"content":{"rendered":"<h5>To facilitate the border crossing of your goods, find the list of RDE <em>(Registered Customs Representatives<\/em>) and customs agent companies (local RDE representatives) listed at the ports of Calais and Boulogne-sur-Mer.<\/h5>\n<p><a class=\"btn btn--primary\" href=\"https:\/\/www.portboulognecalais.fr\/en\/services-for-professionals\/goods-services\/list-of-registered-customs-agents-rde-clerks-at-the-port-of-calais\/\">RDE &amp; COMMIS CALAIS<\/a> \u00a0<a class=\"btn btn--primary\" href=\"https:\/\/www.portboulognecalais.fr\/en\/services-for-professionals\/goods-services\/list-of-registered-customs-agents-rde-in-boulogne-sur-mer\/\">RDE BOULOGNE-SUR-MER<\/a><\/p>\n","protected":false},"excerpt":{"rendered":"<p>To facilitate the border crossing of your goods, find the list of RDE (Registered Customs Representatives) and customs agent companies (local RDE representatives) listed at the ports of Calais and Boulogne-sur-Mer. RDE &amp; COMMIS CALAIS \u00a0RDE BOULOGNE-SUR-MER<\/p>\n","protected":false},"author":1,"featured_media":6422,"parent":8414,"menu_order":0,"comment_status":"closed","ping_status":"closed","template":"","meta":{"_acf_changed":false,"inline_featured_image":false,"footnotes":""},"class_list":["post-8403","page","type-page","status-publish","has-post-thumbnail","hentry"],"acf":[],"yoast_head":"<!-- This site is optimized with the Yoast SEO plugin v27.4 - https:\/\/yoast.com\/product\/yoast-seo-wordpress\/ -->\n<title>Goods services - Port Boulogne Calais<\/title>\n<meta name=\"description\" content=\"Services \u00e0 la marchandise : Retrouvez la liste compl\u00e8te des Repr\u00e9sentants en Douane Enregistr\u00e9s (RDE) et des soci\u00e9t\u00e9s de commis r\u00e9f\u00e9renc\u00e9s.\" \/>\n<meta name=\"robots\" content=\"index, follow, max-snippet:-1, max-image-preview:large, max-video-preview:-1\" \/>\n<link rel=\"canonical\" href=\"https:\/\/www.portboulognecalais.fr\/en\/services-for-professionals\/goods-services\/\" \/>\n<meta property=\"og:locale\" content=\"en_US\" \/>\n<meta property=\"og:type\" content=\"article\" \/>\n<meta property=\"og:title\" content=\"Goods services - Port Boulogne Calais\" \/>\n<meta property=\"og:description\" content=\"Services \u00e0 la marchandise : Retrouvez la liste compl\u00e8te des Repr\u00e9sentants en Douane Enregistr\u00e9s (RDE) et des soci\u00e9t\u00e9s de commis r\u00e9f\u00e9renc\u00e9s.\" \/>\n<meta property=\"og:url\" content=\"https:\/\/www.portboulognecalais.fr\/en\/services-for-professionals\/goods-services\/\" \/>\n<meta property=\"og:site_name\" content=\"Port Boulogne Calais\" \/>\n<meta property=\"article:publisher\" content=\"https:\/\/www.facebook.com\/PortBoulogneCalais#\" \/>\n<meta property=\"article:modified_time\" content=\"2025-11-18T11:16:26+00:00\" \/>\n<meta property=\"og:image\" content=\"https:\/\/www.portboulognecalais.fr\/wp-content\/uploads\/2025\/09\/services-aux-marchandises-scaled.jpg\" \/>\n\t<meta property=\"og:image:width\" content=\"2560\" \/>\n\t<meta property=\"og:image:height\" content=\"1334\" \/>\n\t<meta property=\"og:image:type\" content=\"image\/jpeg\" \/>\n<meta name=\"twitter:card\" content=\"summary_large_image\" \/>\n<meta name=\"twitter:site\" content=\"@Port_BC\" \/>\n<meta name=\"twitter:label1\" content=\"Est. reading time\" \/>\n\t<meta name=\"twitter:data1\" content=\"1 minute\" \/>\n<script type=\"application\/ld+json\" class=\"yoast-schema-graph\">{\"@context\":\"https:\\\/\\\/schema.org\",\"@graph\":[{\"@type\":\"WebPage\",\"@id\":\"https:\\\/\\\/www.portboulognecalais.fr\\\/en\\\/services-for-professionals\\\/goods-services\\\/\",\"url\":\"https:\\\/\\\/www.portboulognecalais.fr\\\/en\\\/services-for-professionals\\\/goods-services\\\/\",\"name\":\"Goods services - Port Boulogne Calais\",\"isPartOf\":{\"@id\":\"https:\\\/\\\/www.portboulognecalais.fr\\\/en\\\/#website\"},\"primaryImageOfPage\":{\"@id\":\"https:\\\/\\\/www.portboulognecalais.fr\\\/en\\\/services-for-professionals\\\/goods-services\\\/#primaryimage\"},\"image\":{\"@id\":\"https:\\\/\\\/www.portboulognecalais.fr\\\/en\\\/services-for-professionals\\\/goods-services\\\/#primaryimage\"},\"thumbnailUrl\":\"https:\\\/\\\/www.portboulognecalais.fr\\\/wp-content\\\/uploads\\\/2025\\\/09\\\/services-aux-marchandises-scaled.jpg\",\"datePublished\":\"2025-03-12T13:58:09+00:00\",\"dateModified\":\"2025-11-18T11:16:26+00:00\",\"description\":\"Services \u00e0 la marchandise : Retrouvez la liste compl\u00e8te des Repr\u00e9sentants en Douane Enregistr\u00e9s (RDE) et des soci\u00e9t\u00e9s de commis r\u00e9f\u00e9renc\u00e9s.\",\"breadcrumb\":{\"@id\":\"https:\\\/\\\/www.portboulognecalais.fr\\\/en\\\/services-for-professionals\\\/goods-services\\\/#breadcrumb\"},\"inLanguage\":\"en-US\",\"potentialAction\":[{\"@type\":\"ReadAction\",\"target\":[\"https:\\\/\\\/www.portboulognecalais.fr\\\/en\\\/services-for-professionals\\\/goods-services\\\/\"]}]},{\"@type\":\"ImageObject\",\"inLanguage\":\"en-US\",\"@id\":\"https:\\\/\\\/www.portboulognecalais.fr\\\/en\\\/services-for-professionals\\\/goods-services\\\/#primaryimage\",\"url\":\"https:\\\/\\\/www.portboulognecalais.fr\\\/wp-content\\\/uploads\\\/2025\\\/09\\\/services-aux-marchandises-scaled.jpg\",\"contentUrl\":\"https:\\\/\\\/www.portboulognecalais.fr\\\/wp-content\\\/uploads\\\/2025\\\/09\\\/services-aux-marchandises-scaled.jpg\",\"width\":2560,\"height\":1334,\"caption\":\"services \u00e0 la marchandise\"},{\"@type\":\"BreadcrumbList\",\"@id\":\"https:\\\/\\\/www.portboulognecalais.fr\\\/en\\\/services-for-professionals\\\/goods-services\\\/#breadcrumb\",\"itemListElement\":[{\"@type\":\"ListItem\",\"position\":1,\"name\":\"Accueil\",\"item\":\"https:\\\/\\\/www.portboulognecalais.fr\\\/en\\\/\"},{\"@type\":\"ListItem\",\"position\":2,\"name\":\"Services for professionals\",\"item\":\"https:\\\/\\\/www.portboulognecalais.fr\\\/en\\\/services-for-professionals\\\/\"},{\"@type\":\"ListItem\",\"position\":3,\"name\":\"Goods services\"}]},{\"@type\":\"WebSite\",\"@id\":\"https:\\\/\\\/www.portboulognecalais.fr\\\/en\\\/#website\",\"url\":\"https:\\\/\\\/www.portboulognecalais.fr\\\/en\\\/\",\"name\":\"Port Boulogne Calais\",\"description\":\"\",\"publisher\":{\"@id\":\"https:\\\/\\\/www.portboulognecalais.fr\\\/en\\\/#organization\"},\"potentialAction\":[{\"@type\":\"SearchAction\",\"target\":{\"@type\":\"EntryPoint\",\"urlTemplate\":\"https:\\\/\\\/www.portboulognecalais.fr\\\/en\\\/?s={search_term_string}\"},\"query-input\":{\"@type\":\"PropertyValueSpecification\",\"valueRequired\":true,\"valueName\":\"search_term_string\"}}],\"inLanguage\":\"en-US\"},{\"@type\":\"Organization\",\"@id\":\"https:\\\/\\\/www.portboulognecalais.fr\\\/en\\\/#organization\",\"name\":\"Port Boulogne Calais\",\"url\":\"https:\\\/\\\/www.portboulognecalais.fr\\\/en\\\/\",\"logo\":{\"@type\":\"ImageObject\",\"inLanguage\":\"en-US\",\"@id\":\"https:\\\/\\\/www.portboulognecalais.fr\\\/en\\\/#\\\/schema\\\/logo\\\/image\\\/\",\"url\":\"https:\\\/\\\/www.portboulognecalais.fr\\\/wp-content\\\/uploads\\\/2025\\\/03\\\/logo.svg\",\"contentUrl\":\"https:\\\/\\\/www.portboulognecalais.fr\\\/wp-content\\\/uploads\\\/2025\\\/03\\\/logo.svg\",\"caption\":\"Port Boulogne Calais\"},\"image\":{\"@id\":\"https:\\\/\\\/www.portboulognecalais.fr\\\/en\\\/#\\\/schema\\\/logo\\\/image\\\/\"},\"sameAs\":[\"https:\\\/\\\/www.facebook.com\\\/PortBoulogneCalais#\",\"https:\\\/\\\/x.com\\\/Port_BC\",\"https:\\\/\\\/www.youtube.com\\\/channel\\\/UC6f5Gr3Oq_qtm9O9YWkcCbA\",\"https:\\\/\\\/www.linkedin.com\\\/company\\\/port-boulogne-calais\\\/\",\"https:\\\/\\\/www.instagram.com\\\/port_boulogne_calais\\\/\"]}]}<\/script>\n<!-- \/ Yoast SEO plugin. -->","yoast_head_json":{"title":"Goods services - Port Boulogne Calais","description":"Services \u00e0 la marchandise : Retrouvez la liste compl\u00e8te des Repr\u00e9sentants en Douane Enregistr\u00e9s (RDE) et des soci\u00e9t\u00e9s de commis r\u00e9f\u00e9renc\u00e9s.","robots":{"index":"index","follow":"follow","max-snippet":"max-snippet:-1","max-image-preview":"max-image-preview:large","max-video-preview":"max-video-preview:-1"},"canonical":"https:\/\/www.portboulognecalais.fr\/en\/services-for-professionals\/goods-services\/","og_locale":"en_US","og_type":"article","og_title":"Goods services - Port Boulogne Calais","og_description":"Services \u00e0 la marchandise : Retrouvez la liste compl\u00e8te des Repr\u00e9sentants en Douane Enregistr\u00e9s (RDE) et des soci\u00e9t\u00e9s de commis r\u00e9f\u00e9renc\u00e9s.","og_url":"https:\/\/www.portboulognecalais.fr\/en\/services-for-professionals\/goods-services\/","og_site_name":"Port Boulogne Calais","article_publisher":"https:\/\/www.facebook.com\/PortBoulogneCalais#","article_modified_time":"2025-11-18T11:16:26+00:00","og_image":[{"width":2560,"height":1334,"url":"https:\/\/www.portboulognecalais.fr\/wp-content\/uploads\/2025\/09\/services-aux-marchandises-scaled.jpg","type":"image\/jpeg"}],"twitter_card":"summary_large_image","twitter_site":"@Port_BC","twitter_misc":{"Est. reading time":"1 minute"},"schema":{"@context":"https:\/\/schema.org","@graph":[{"@type":"WebPage","@id":"https:\/\/www.portboulognecalais.fr\/en\/services-for-professionals\/goods-services\/","url":"https:\/\/www.portboulognecalais.fr\/en\/services-for-professionals\/goods-services\/","name":"Goods services - Port Boulogne Calais","isPartOf":{"@id":"https:\/\/www.portboulognecalais.fr\/en\/#website"},"primaryImageOfPage":{"@id":"https:\/\/www.portboulognecalais.fr\/en\/services-for-professionals\/goods-services\/#primaryimage"},"image":{"@id":"https:\/\/www.portboulognecalais.fr\/en\/services-for-professionals\/goods-services\/#primaryimage"},"thumbnailUrl":"https:\/\/www.portboulognecalais.fr\/wp-content\/uploads\/2025\/09\/services-aux-marchandises-scaled.jpg","datePublished":"2025-03-12T13:58:09+00:00","dateModified":"2025-11-18T11:16:26+00:00","description":"Services \u00e0 la marchandise : Retrouvez la liste compl\u00e8te des Repr\u00e9sentants en Douane Enregistr\u00e9s (RDE) et des soci\u00e9t\u00e9s de commis r\u00e9f\u00e9renc\u00e9s.","breadcrumb":{"@id":"https:\/\/www.portboulognecalais.fr\/en\/services-for-professionals\/goods-services\/#breadcrumb"},"inLanguage":"en-US","potentialAction":[{"@type":"ReadAction","target":["https:\/\/www.portboulognecalais.fr\/en\/services-for-professionals\/goods-services\/"]}]},{"@type":"ImageObject","inLanguage":"en-US","@id":"https:\/\/www.portboulognecalais.fr\/en\/services-for-professionals\/goods-services\/#primaryimage","url":"https:\/\/www.portboulognecalais.fr\/wp-content\/uploads\/2025\/09\/services-aux-marchandises-scaled.jpg","contentUrl":"https:\/\/www.portboulognecalais.fr\/wp-content\/uploads\/2025\/09\/services-aux-marchandises-scaled.jpg","width":2560,"height":1334,"caption":"services \u00e0 la marchandise"},{"@type":"BreadcrumbList","@id":"https:\/\/www.portboulognecalais.fr\/en\/services-for-professionals\/goods-services\/#breadcrumb","itemListElement":[{"@type":"ListItem","position":1,"name":"Accueil","item":"https:\/\/www.portboulognecalais.fr\/en\/"},{"@type":"ListItem","position":2,"name":"Services for professionals","item":"https:\/\/www.portboulognecalais.fr\/en\/services-for-professionals\/"},{"@type":"ListItem","position":3,"name":"Goods services"}]},{"@type":"WebSite","@id":"https:\/\/www.portboulognecalais.fr\/en\/#website","url":"https:\/\/www.portboulognecalais.fr\/en\/","name":"Port Boulogne Calais","description":"","publisher":{"@id":"https:\/\/www.portboulognecalais.fr\/en\/#organization"},"potentialAction":[{"@type":"SearchAction","target":{"@type":"EntryPoint","urlTemplate":"https:\/\/www.portboulognecalais.fr\/en\/?s={search_term_string}"},"query-input":{"@type":"PropertyValueSpecification","valueRequired":true,"valueName":"search_term_string"}}],"inLanguage":"en-US"},{"@type":"Organization","@id":"https:\/\/www.portboulognecalais.fr\/en\/#organization","name":"Port Boulogne Calais","url":"https:\/\/www.portboulognecalais.fr\/en\/","logo":{"@type":"ImageObject","inLanguage":"en-US","@id":"https:\/\/www.portboulognecalais.fr\/en\/#\/schema\/logo\/image\/","url":"https:\/\/www.portboulognecalais.fr\/wp-content\/uploads\/2025\/03\/logo.svg","contentUrl":"https:\/\/www.portboulognecalais.fr\/wp-content\/uploads\/2025\/03\/logo.svg","caption":"Port Boulogne Calais"},"image":{"@id":"https:\/\/www.portboulognecalais.fr\/en\/#\/schema\/logo\/image\/"},"sameAs":["https:\/\/www.facebook.com\/PortBoulogneCalais#","https:\/\/x.com\/Port_BC","https:\/\/www.youtube.com\/channel\/UC6f5Gr3Oq_qtm9O9YWkcCbA","https:\/\/www.linkedin.com\/company\/port-boulogne-calais\/","https:\/\/www.instagram.com\/port_boulogne_calais\/"]}]}},"_links":{"self":[{"href":"https:\/\/www.portboulognecalais.fr\/en\/wp-json\/wp\/v2\/pages\/8403","targetHints":{"allow":["GET"]}}],"collection":[{"href":"https:\/\/www.portboulognecalais.fr\/en\/wp-json\/wp\/v2\/pages"}],"about":[{"href":"https:\/\/www.portboulognecalais.fr\/en\/wp-json\/wp\/v2\/types\/page"}],"author":[{"embeddable":true,"href":"https:\/\/www.portboulognecalais.fr\/en\/wp-json\/wp\/v2\/users\/1"}],"replies":[{"embeddable":true,"href":"https:\/\/www.portboulognecalais.fr\/en\/wp-json\/wp\/v2\/comments?post=8403"}],"version-history":[{"count":4,"href":"https:\/\/www.portboulognecalais.fr\/en\/wp-json\/wp\/v2\/pages\/8403\/revisions"}],"predecessor-version":[{"id":8513,"href":"https:\/\/www.portboulognecalais.fr\/en\/wp-json\/wp\/v2\/pages\/8403\/revisions\/8513"}],"up":[{"embeddable":true,"href":"https:\/\/www.portboulognecalais.fr\/en\/wp-json\/wp\/v2\/pages\/8414"}],"wp:featuredmedia":[{"embeddable":true,"href":"https:\/\/www.portboulognecalais.fr\/en\/wp-json\/wp\/v2\/media\/6422"}],"wp:attachment":[{"href":"https:\/\/www.portboulognecalais.fr\/en\/wp-json\/wp\/v2\/media?parent=8403"}],"curies":[{"name":"wp","href":"https:\/\/api.w.org\/{rel}","templated":true}]}}