{"id":8309,"date":"2025-09-29T12:30:18","date_gmt":"2025-09-29T10:30:18","guid":{"rendered":"https:\/\/www.portboulognecalais.fr\/port-of-calais\/"},"modified":"2025-11-21T09:17:15","modified_gmt":"2025-11-21T08:17:15","slug":"port-of-calais","status":"publish","type":"page","link":"https:\/\/www.portboulognecalais.fr\/en\/port-of-calais\/","title":{"rendered":"Port of Calais"},"content":{"rendered":"<section class=\"content-cta\" id=\"the-port-of-calais-in-a-nutshell\">\n\t<div class=\"content-cta__container\">\n\t\t<h2 class=\"content-cta__title\">The port of Calais in a nutshell<\/h2>\n\t\t<div class=\"content-cta__content wysiwyg\">\n\t\t\t<p>Le port de Calais occupe une place strat\u00e9gique au c\u0153ur des \u00e9changes entre la France, le Royaume-Uni et l\u2019Europe continentale.<\/p>\n<p>As Europe&#8217;s leading port for cross-Channel traffic and France&#8217;s leading passenger port, it plays a vital role in passenger mobility and the smooth flow of goods. Every year, it welcomes several million passengers, cars and lorries, confirming its role as a major hub for maritime and road transport.<\/p>\n<p>Equipped with modern infrastructure, the port of Calais provides shipping companies, logistics operators and transporters with reliable, efficient and secure facilities.<\/p>\n<p><img loading=\"lazy\" decoding=\"async\" class=\"alignnone size-medium wp-image-6555\" src=\"https:\/\/www.portboulognecalais.fr\/wp-content\/uploads\/2025\/09\/qui-sommes-nous_calais-300x180.jpg\" alt=\"\" width=\"300\" height=\"180\" srcset=\"https:\/\/www.portboulognecalais.fr\/wp-content\/uploads\/2025\/09\/qui-sommes-nous_calais-300x180.jpg 300w, https:\/\/www.portboulognecalais.fr\/wp-content\/uploads\/2025\/09\/qui-sommes-nous_calais-1024x614.jpg 1024w, https:\/\/www.portboulognecalais.fr\/wp-content\/uploads\/2025\/09\/qui-sommes-nous_calais-768x461.jpg 768w, https:\/\/www.portboulognecalais.fr\/wp-content\/uploads\/2025\/09\/qui-sommes-nous_calais-1536x922.jpg 1536w, https:\/\/www.portboulognecalais.fr\/wp-content\/uploads\/2025\/09\/qui-sommes-nous_calais.jpg 2000w\" sizes=\"auto, (max-width: 300px) 100vw, 300px\" \/><\/p>\n<p>The port of Calais also has a commercial port capable of accommodating a wide range of vessels, from small units to post-Panamax ships. It is therefore developing bulk and new vehicle traffic. <\/p>\n<p>As part of its commitment to sustainable development, the Port of Calais is committed to supporting the energy transition and promoting environmentally friendly solutions. It actively supports the development of piggyback transport by encouraging modal shift, and is fully involved in an ambitious project aimed at completely decarbonising cross-Channel crossings by 2030. <\/p>\n<p>A key player in the regional and national economy, it contributes to the vitality of the regions and to European integration by providing safe, fast and reliable connections between the two sides of the Channel.<\/p>\n\n\t\t<\/div>\n\t\t\t<\/div>\n<\/section>\n<section class=\"content-picture\" id=\"terminal-ferry\">\n\t<div class=\"content-picture__container\">\n\t\t<div class=\"content-picture__content wysiwyg\">\n\t\t\t<h2 class=\"content-picture__title\">Terminal ferry<\/h2>\n\t\t\t<div class=\"content-picture__text\">\n\t\t\t\t<p>The ferry terminal at the Port of Calais covers 120 hectares, comprising the historic Transmanche platform (Calais 1) and the new extension (Calais 2). Loading and unloading operations take place on either platform. Since it came into service in October 2021, entry and exit to the ferry terminal has been via the new port.  <\/p>\n<p>It has six berths: P7, P8 and P9 in the historic port (Calais 1) and P10, P11 and P12 in the new port (Calais 2). They are equipped with double-deck gangways allowing two decks of ships to be loaded\/unloaded simultaneously. These gangways can accommodate ships up to 240 m in length at Calais 2 and 213 m at Calais 1.  <\/p>\n\n\t\t\t<\/div>\n\t\t\t\t\t<\/div>\n\t\t\t\t\t<div class=\"content-picture__image\">\n\t\t\t\t<img decoding=\"async\" src=\"https:\/\/www.portboulognecalais.fr\/wp-content\/uploads\/2025\/09\/terminal-ferry_port-calais-scaled.jpg\" alt=\"\">\n\t\t\t<\/div>\n\t\t\t<\/section>\n<section class=\"content-cta\" id=\"terminal-intermodal\">\n\t<div class=\"content-cta__container\">\n\t\t<h2 class=\"content-cta__title\">Terminal intermodal<\/h2>\n\t\t<div class=\"content-cta__content wysiwyg\">\n\t\t\t<h3>The combined transport platform<\/h3>\n<p><img loading=\"lazy\" decoding=\"async\" class=\"alignnone size-medium wp-image-6579\" src=\"https:\/\/www.portboulognecalais.fr\/wp-content\/uploads\/2025\/09\/terminal-combine-300x200.jpg\" alt=\"\" width=\"300\" height=\"200\" srcset=\"https:\/\/www.portboulognecalais.fr\/wp-content\/uploads\/2025\/09\/terminal-combine-300x200.jpg 300w, https:\/\/www.portboulognecalais.fr\/wp-content\/uploads\/2025\/09\/terminal-combine-1024x683.jpg 1024w, https:\/\/www.portboulognecalais.fr\/wp-content\/uploads\/2025\/09\/terminal-combine-768x512.jpg 768w, https:\/\/www.portboulognecalais.fr\/wp-content\/uploads\/2025\/09\/terminal-combine-1536x1024.jpg 1536w, https:\/\/www.portboulognecalais.fr\/wp-content\/uploads\/2025\/09\/terminal-combine-2048x1365.jpg 2048w\" sizes=\"auto, (max-width: 300px) 100vw, 300px\" \/><\/p>\n<p>The intermodal terminal is directly connected to the national rail network, enabling two full 750-metre trains to be accommodated simultaneously at the quayside. It has two tracks to allow the movement of a RTG gantry crane. <\/p>\n<ul>\n<li>area: 30 hectares.<\/li>\n<li>handling: 2 single-deck RoRo gangways T1, T4.<\/li>\n<li>capacities: 200+ m\/140 m\/120 m<\/li>\n<li>services: support vessels (mooring, pilotage, SNSM lifeboat service, etc.).<\/li>\n<li>T4: Roll-on\/roll-off vessels with a length of 180 m and a draught of 9 m. <\/li>\n<li>T1: Vessels of 130 m; draught of 7 m. <\/li>\n<\/ul>\n<p>These two gangways are backed by 25 hectares of land. These port facilities are serviced and equipped to receive unitised traffic: trailers (unaccompanied freight) and containers (45&#8242;). <\/p>\n<p>&nbsp;<\/p>\n<h3>The Rail Motorway Platform<\/h3>\n<p><img loading=\"lazy\" decoding=\"async\" class=\"aligncenter size-large wp-image-4110\" src=\"https:\/\/www.portboulognecalais.fr\/wp-content\/uploads\/2025\/03\/viia-britanica-port-de-calais-1024x683.jpg\" alt=\"\" width=\"1024\" height=\"683\" srcset=\"https:\/\/www.portboulognecalais.fr\/wp-content\/uploads\/2025\/03\/viia-britanica-port-de-calais-1024x683.jpg 1024w, https:\/\/www.portboulognecalais.fr\/wp-content\/uploads\/2025\/03\/viia-britanica-port-de-calais-300x200.jpg 300w, https:\/\/www.portboulognecalais.fr\/wp-content\/uploads\/2025\/03\/viia-britanica-port-de-calais-768x512.jpg 768w, https:\/\/www.portboulognecalais.fr\/wp-content\/uploads\/2025\/03\/viia-britanica-port-de-calais.jpg 1200w\" sizes=\"auto, (max-width: 1024px) 100vw, 1024px\" \/><\/p>\n<p>The rail motorway platform is operated by VIIA (a subsidiary of RLE).<\/p>\n<p>It enables rail transport and transhipment of grabable (P400) and non-grabable trailers using Lohr Industrie technology.<br \/>\nVIIA operates several return trips daily. The rail motorway service offers a schedule that mirrors the ferry service for an integrated rail Ro-Ro service. <\/p>\n<p>Trailers originating from or destined for the Rail Motorway are not limited to maritime transhipment. They can freely enter or leave the motorway without any specific restrictions. <\/p>\n<p>The operator offers four rail motorway services (nearly 40 departures per week \u2013 daily services):<\/p>\n<ul>\n<li>Calais &#8211; Le Boulou (Perpignan)<\/li>\n<li>Calais &#8211; Orbassano (Turin) (temporarily suspended)<\/li>\n<li>Calais &#8211; M\u00e2con (Lyon)<\/li>\n<li>Calais -S\u00e8te<\/li>\n<\/ul>\n\n\t\t<\/div>\n\t\t\t<\/div>\n<\/section>\n<section class=\"content-cta\" id=\"point-of-sale-terminal\">\n\t<div class=\"content-cta__container\">\n\t\t<h2 class=\"content-cta__title\">Point of sale terminal<\/h2>\n\t\t<div class=\"content-cta__content wysiwyg\">\n\t\t\t<p>Operations can be carried out on three different basins, including a floating basin. The terminals are multi-user. <\/p>\n<p><img loading=\"lazy\" decoding=\"async\" class=\"aligncenter size-large wp-image-5519\" src=\"https:\/\/www.portboulognecalais.fr\/wp-content\/uploads\/2025\/09\/calais-portcommerce-1024x768.jpg\" alt=\"\" width=\"1024\" height=\"768\" srcset=\"https:\/\/www.portboulognecalais.fr\/wp-content\/uploads\/2025\/09\/calais-portcommerce-1024x768.jpg 1024w, https:\/\/www.portboulognecalais.fr\/wp-content\/uploads\/2025\/09\/calais-portcommerce-300x225.jpg 300w, https:\/\/www.portboulognecalais.fr\/wp-content\/uploads\/2025\/09\/calais-portcommerce-768x576.jpg 768w, https:\/\/www.portboulognecalais.fr\/wp-content\/uploads\/2025\/09\/calais-portcommerce-1536x1152.jpg 1536w, https:\/\/www.portboulognecalais.fr\/wp-content\/uploads\/2025\/09\/calais-portcommerce.jpg 1600w\" sizes=\"auto, (max-width: 1024px) 100vw, 1024px\" \/><\/p>\n<p>&nbsp;<\/p>\n<h3>The sugar terminal<\/h3>\n<p>It covers an area of over 1 hectare.<br \/>\nThe north quay of the Henri Ravisse basin is equipped with two silos with a total capacity of 67,000 tonnes for the storage and handling of sugar (a bagging and unloading unit on board ships).<\/p>\n<p><img loading=\"lazy\" decoding=\"async\" class=\"alignnone size-medium wp-image-6689\" src=\"https:\/\/www.portboulognecalais.fr\/wp-content\/uploads\/2025\/09\/terminal-sucrier-300x150.jpg\" alt=\"\" width=\"300\" height=\"150\" srcset=\"https:\/\/www.portboulognecalais.fr\/wp-content\/uploads\/2025\/09\/terminal-sucrier-300x150.jpg 300w, https:\/\/www.portboulognecalais.fr\/wp-content\/uploads\/2025\/09\/terminal-sucrier-1024x512.jpg 1024w, https:\/\/www.portboulognecalais.fr\/wp-content\/uploads\/2025\/09\/terminal-sucrier-768x384.jpg 768w, https:\/\/www.portboulognecalais.fr\/wp-content\/uploads\/2025\/09\/terminal-sucrier-1536x768.jpg 1536w, https:\/\/www.portboulognecalais.fr\/wp-content\/uploads\/2025\/09\/terminal-sucrier.jpg 2000w\" sizes=\"auto, (max-width: 300px) 100vw, 300px\" \/><\/p>\n<p>&nbsp;<\/p>\n<p>&nbsp;<\/p>\n<h3>The cable terminal<\/h3>\n<p><img loading=\"lazy\" decoding=\"async\" class=\"alignnone size-medium wp-image-6697\" src=\"https:\/\/www.portboulognecalais.fr\/wp-content\/uploads\/2025\/09\/terminal-cablier-calais-1-300x191.png\" alt=\"\" width=\"300\" height=\"191\" srcset=\"https:\/\/www.portboulognecalais.fr\/wp-content\/uploads\/2025\/09\/terminal-cablier-calais-1-300x191.png 300w, https:\/\/www.portboulognecalais.fr\/wp-content\/uploads\/2025\/09\/terminal-cablier-calais-1-1024x651.png 1024w, https:\/\/www.portboulognecalais.fr\/wp-content\/uploads\/2025\/09\/terminal-cablier-calais-1-768x488.png 768w, https:\/\/www.portboulognecalais.fr\/wp-content\/uploads\/2025\/09\/terminal-cablier-calais-1.png 1199w\" sizes=\"auto, (max-width: 300px) 100vw, 300px\" \/><\/p>\n<p>It covers an area of 2,150 m\u00b2.<br \/>\nThe south quay of the Henri Ravisse basin is equipped with a specialised gangway for loading submarine cables. This gangway is powered by an underground duct connecting the quay directly to the Alcatel Lucent production unit located in the immediate vicinity of the port. <\/p>\n<p>&nbsp;<\/p>\n<h3>The Carnot floating dock<\/h3>\n<p>Restricted by tidal schedules, it handles small-scale bulk cargo (petroleum coke, estuary sand, riprap, pumice stones) and conventional cargo (electrodes):<\/p>\n<ul>\n<li>Length: 1,200 linear metres of quays. <\/li>\n<li>Capacity: lock dimensions length 113.5 m, width 21 m.<\/li>\n<li>Handling: 2 mobile cranes with a capacity of 22 tonnes, 2 mobile cranes with a capacity of 15 tonnes.<\/li>\n<\/ul>\n<p><img loading=\"lazy\" decoding=\"async\" class=\"aligncenter size-full wp-image-5447\" src=\"https:\/\/www.portboulognecalais.fr\/wp-content\/uploads\/2025\/09\/bassin-carnot-calais.jpg\" alt=\"\" width=\"1000\" height=\"664\" srcset=\"https:\/\/www.portboulognecalais.fr\/wp-content\/uploads\/2025\/09\/bassin-carnot-calais.jpg 1000w, https:\/\/www.portboulognecalais.fr\/wp-content\/uploads\/2025\/09\/bassin-carnot-calais-300x199.jpg 300w, https:\/\/www.portboulognecalais.fr\/wp-content\/uploads\/2025\/09\/bassin-carnot-calais-768x510.jpg 768w\" sizes=\"auto, (max-width: 1000px) 100vw, 1000px\" \/><\/p>\n<p>&nbsp;<\/p>\n<h3>Paul Devot Quay (rear harbour)<\/h3>\n<p><img loading=\"lazy\" decoding=\"async\" class=\"alignnone size-medium wp-image-6762\" src=\"https:\/\/www.portboulognecalais.fr\/wp-content\/uploads\/2025\/09\/quai-paul-devot-300x210.jpg\" alt=\"\" width=\"300\" height=\"210\" srcset=\"https:\/\/www.portboulognecalais.fr\/wp-content\/uploads\/2025\/09\/quai-paul-devot-300x210.jpg 300w, https:\/\/www.portboulognecalais.fr\/wp-content\/uploads\/2025\/09\/quai-paul-devot-1024x717.jpg 1024w, https:\/\/www.portboulognecalais.fr\/wp-content\/uploads\/2025\/09\/quai-paul-devot-768x538.jpg 768w, https:\/\/www.portboulognecalais.fr\/wp-content\/uploads\/2025\/09\/quai-paul-devot-1536x1075.jpg 1536w, https:\/\/www.portboulognecalais.fr\/wp-content\/uploads\/2025\/09\/quai-paul-devot.jpg 2000w\" sizes=\"auto, (max-width: 300px) 100vw, 300px\" \/><\/p>\n<p>It handles various goods.<\/p>\n<ul>\n<li>Length: 190 m, draught: 9 m.<\/li>\n<li>Capacity: 1 berth.<\/li>\n<li>Handling: 2 cranes with a capacity of 15 tonnes.<\/li>\n<li>Storage: 5,000 m\u00b2 warehouse.<\/li>\n<\/ul>\n\n\t\t<\/div>\n\t\t\t<\/div>\n<\/section>\n<section class=\"port-access\" id=\"services-for-professionals\">\n\t<div class=\"port-access__content\">\n\t\t<h2 class=\"port-access__title\">Services for professionals<\/h2>\n\t\t<div class=\"port-access__cards\">\n\t\t\t\t\t\t\t<div class=\"port-access__card\">\n\t\t\t\t\t\t\t\t\t\t<h3 class=\"port-access__card-title\">\n\t\t\t\t\t\t <br>\n\t\t\t\t\t\t<span>Ship services<\/span>\n\t\t\t\t\t<\/h3>\n\t\t\t\t\t\t\t\t\t\t<img decoding=\"async\" class=\"port-access__media\" src=\"https:\/\/www.portboulognecalais.fr\/wp-content\/uploads\/2025\/09\/service-lamanage.jpg\" alt=\"Services for ships at the port of Boulogne Calais\">\n\t\t\t\t\t\t\t\t\t\t\t\t\t\t\t\t<a class=\"port-access__link\" href=\"https:\/\/www.portboulognecalais.fr\/services\/services-aux-navires\/\" target=\"\"><\/a>\n\t\t\t\t\t\t\t\t\t<\/div>\n\t\t\t\t\t\t\t<div class=\"port-access__card\">\n\t\t\t\t\t\t\t\t\t\t<h3 class=\"port-access__card-title\">\n\t\t\t\t\t\t <br>\n\t\t\t\t\t\t<span>Services for carriers<\/span>\n\t\t\t\t\t<\/h3>\n\t\t\t\t\t\t\t\t\t\t<img decoding=\"async\" class=\"port-access__media\" src=\"https:\/\/www.portboulognecalais.fr\/wp-content\/uploads\/2025\/09\/service-aux_trasnporteurs.jpg\" alt=\"\">\n\t\t\t\t\t\t\t\t\t\t\t\t\t\t\t\t<a class=\"port-access__link\" href=\"https:\/\/www.portboulognecalais.fr\/services\/services-aux-transporteurs\/\" target=\"\"><\/a>\n\t\t\t\t\t\t\t\t\t<\/div>\n\t\t\t\t\t\t\t<div class=\"port-access__card\">\n\t\t\t\t\t\t\t\t\t\t<h3 class=\"port-access__card-title\">\n\t\t\t\t\t\t <br>\n\t\t\t\t\t\t<span>Goods services<\/span>\n\t\t\t\t\t<\/h3>\n\t\t\t\t\t\t\t\t\t\t<img decoding=\"async\" class=\"port-access__media\" src=\"https:\/\/www.portboulognecalais.fr\/wp-content\/uploads\/2025\/06\/portboulognecalais-professionnels-controles2-scaled.jpg\" alt=\"controle\">\n\t\t\t\t\t\t\t\t\t\t\t\t\t\t\t\t<a class=\"port-access__link\" href=\"https:\/\/www.portboulognecalais.fr\/services\/services-a-la-marchandise\/\" target=\"\"><\/a>\n\t\t\t\t\t\t\t\t\t<\/div>\n\t\t\t\t\t<\/div>\n\t<\/div>\n<\/section>\n","protected":false},"excerpt":{"rendered":"<p>Discover Europe&#8217;s leading port for cross-Channel traffic. A major hub for passengers and goods, it connects France, the United Kingdom and Europe. <\/p>\n","protected":false},"author":1,"featured_media":6810,"parent":0,"menu_order":0,"comment_status":"closed","ping_status":"closed","template":"tpl-corner-immersive.php","meta":{"_acf_changed":false,"inline_featured_image":false,"footnotes":""},"class_list":["post-8309","page","type-page","status-publish","has-post-thumbnail","hentry"],"acf":[],"yoast_head":"<!-- This site is optimized with the Yoast SEO plugin v27.4 - https:\/\/yoast.com\/product\/yoast-seo-wordpress\/ -->\n<title>Port of Calais - Port Boulogne Calais<\/title>\n<meta name=\"description\" content=\"The Port of Calais is at the heart of trade between France and the UK. Discover our activities: Ferry Terminal, Freight, Trade and Intermodal.\" \/>\n<meta name=\"robots\" content=\"index, follow, max-snippet:-1, max-image-preview:large, max-video-preview:-1\" \/>\n<link rel=\"canonical\" href=\"https:\/\/www.portboulognecalais.fr\/en\/port-of-calais\/\" \/>\n<meta property=\"og:locale\" content=\"en_US\" \/>\n<meta property=\"og:type\" content=\"article\" \/>\n<meta property=\"og:title\" content=\"Port of Calais - Port Boulogne Calais\" \/>\n<meta property=\"og:description\" content=\"The Port of Calais is at the heart of trade between France and the UK. Discover our activities: Ferry Terminal, Freight, Trade and Intermodal.\" \/>\n<meta property=\"og:url\" content=\"https:\/\/www.portboulognecalais.fr\/en\/port-of-calais\/\" \/>\n<meta property=\"og:site_name\" content=\"Port Boulogne Calais\" \/>\n<meta property=\"article:publisher\" content=\"https:\/\/www.facebook.com\/PortBoulogneCalais#\" \/>\n<meta property=\"article:modified_time\" content=\"2025-11-21T08:17:15+00:00\" \/>\n<meta property=\"og:image\" content=\"https:\/\/www.portboulognecalais.fr\/wp-content\/uploads\/2025\/09\/terminal-ferry-calais_contour.jpg\" \/>\n\t<meta property=\"og:image:width\" content=\"2233\" \/>\n\t<meta property=\"og:image:height\" content=\"1467\" \/>\n\t<meta property=\"og:image:type\" content=\"image\/jpeg\" \/>\n<meta name=\"twitter:card\" content=\"summary_large_image\" \/>\n<meta name=\"twitter:site\" content=\"@Port_BC\" \/>\n<meta name=\"twitter:label1\" content=\"Est. reading time\" \/>\n\t<meta name=\"twitter:data1\" content=\"3 minutes\" \/>\n<script type=\"application\/ld+json\" class=\"yoast-schema-graph\">{\"@context\":\"https:\\\/\\\/schema.org\",\"@graph\":[{\"@type\":\"WebPage\",\"@id\":\"https:\\\/\\\/www.portboulognecalais.fr\\\/en\\\/port-of-calais\\\/\",\"url\":\"https:\\\/\\\/www.portboulognecalais.fr\\\/en\\\/port-of-calais\\\/\",\"name\":\"Port of Calais - Port Boulogne Calais\",\"isPartOf\":{\"@id\":\"https:\\\/\\\/www.portboulognecalais.fr\\\/en\\\/#website\"},\"primaryImageOfPage\":{\"@id\":\"https:\\\/\\\/www.portboulognecalais.fr\\\/en\\\/port-of-calais\\\/#primaryimage\"},\"image\":{\"@id\":\"https:\\\/\\\/www.portboulognecalais.fr\\\/en\\\/port-of-calais\\\/#primaryimage\"},\"thumbnailUrl\":\"https:\\\/\\\/www.portboulognecalais.fr\\\/wp-content\\\/uploads\\\/2025\\\/09\\\/terminal-ferry-calais_contour.jpg\",\"datePublished\":\"2025-09-29T10:30:18+00:00\",\"dateModified\":\"2025-11-21T08:17:15+00:00\",\"description\":\"The Port of Calais is at the heart of trade between France and the UK. Discover our activities: Ferry Terminal, Freight, Trade and Intermodal.\",\"breadcrumb\":{\"@id\":\"https:\\\/\\\/www.portboulognecalais.fr\\\/en\\\/port-of-calais\\\/#breadcrumb\"},\"inLanguage\":\"en-US\",\"potentialAction\":[{\"@type\":\"ReadAction\",\"target\":[\"https:\\\/\\\/www.portboulognecalais.fr\\\/en\\\/port-of-calais\\\/\"]}]},{\"@type\":\"ImageObject\",\"inLanguage\":\"en-US\",\"@id\":\"https:\\\/\\\/www.portboulognecalais.fr\\\/en\\\/port-of-calais\\\/#primaryimage\",\"url\":\"https:\\\/\\\/www.portboulognecalais.fr\\\/wp-content\\\/uploads\\\/2025\\\/09\\\/terminal-ferry-calais_contour.jpg\",\"contentUrl\":\"https:\\\/\\\/www.portboulognecalais.fr\\\/wp-content\\\/uploads\\\/2025\\\/09\\\/terminal-ferry-calais_contour.jpg\",\"width\":2233,\"height\":1467},{\"@type\":\"BreadcrumbList\",\"@id\":\"https:\\\/\\\/www.portboulognecalais.fr\\\/en\\\/port-of-calais\\\/#breadcrumb\",\"itemListElement\":[{\"@type\":\"ListItem\",\"position\":1,\"name\":\"Accueil\",\"item\":\"https:\\\/\\\/www.portboulognecalais.fr\\\/en\\\/\"},{\"@type\":\"ListItem\",\"position\":2,\"name\":\"Port of Calais\"}]},{\"@type\":\"WebSite\",\"@id\":\"https:\\\/\\\/www.portboulognecalais.fr\\\/en\\\/#website\",\"url\":\"https:\\\/\\\/www.portboulognecalais.fr\\\/en\\\/\",\"name\":\"Port Boulogne Calais\",\"description\":\"\",\"publisher\":{\"@id\":\"https:\\\/\\\/www.portboulognecalais.fr\\\/en\\\/#organization\"},\"potentialAction\":[{\"@type\":\"SearchAction\",\"target\":{\"@type\":\"EntryPoint\",\"urlTemplate\":\"https:\\\/\\\/www.portboulognecalais.fr\\\/en\\\/?s={search_term_string}\"},\"query-input\":{\"@type\":\"PropertyValueSpecification\",\"valueRequired\":true,\"valueName\":\"search_term_string\"}}],\"inLanguage\":\"en-US\"},{\"@type\":\"Organization\",\"@id\":\"https:\\\/\\\/www.portboulognecalais.fr\\\/en\\\/#organization\",\"name\":\"Port Boulogne Calais\",\"url\":\"https:\\\/\\\/www.portboulognecalais.fr\\\/en\\\/\",\"logo\":{\"@type\":\"ImageObject\",\"inLanguage\":\"en-US\",\"@id\":\"https:\\\/\\\/www.portboulognecalais.fr\\\/en\\\/#\\\/schema\\\/logo\\\/image\\\/\",\"url\":\"https:\\\/\\\/www.portboulognecalais.fr\\\/wp-content\\\/uploads\\\/2025\\\/03\\\/logo.svg\",\"contentUrl\":\"https:\\\/\\\/www.portboulognecalais.fr\\\/wp-content\\\/uploads\\\/2025\\\/03\\\/logo.svg\",\"caption\":\"Port Boulogne Calais\"},\"image\":{\"@id\":\"https:\\\/\\\/www.portboulognecalais.fr\\\/en\\\/#\\\/schema\\\/logo\\\/image\\\/\"},\"sameAs\":[\"https:\\\/\\\/www.facebook.com\\\/PortBoulogneCalais#\",\"https:\\\/\\\/x.com\\\/Port_BC\",\"https:\\\/\\\/www.youtube.com\\\/channel\\\/UC6f5Gr3Oq_qtm9O9YWkcCbA\",\"https:\\\/\\\/www.linkedin.com\\\/company\\\/port-boulogne-calais\\\/\",\"https:\\\/\\\/www.instagram.com\\\/port_boulogne_calais\\\/\"]}]}<\/script>\n<!-- \/ Yoast SEO plugin. -->","yoast_head_json":{"title":"Port of Calais - Port Boulogne Calais","description":"The Port of Calais is at the heart of trade between France and the UK. Discover our activities: Ferry Terminal, Freight, Trade and Intermodal.","robots":{"index":"index","follow":"follow","max-snippet":"max-snippet:-1","max-image-preview":"max-image-preview:large","max-video-preview":"max-video-preview:-1"},"canonical":"https:\/\/www.portboulognecalais.fr\/en\/port-of-calais\/","og_locale":"en_US","og_type":"article","og_title":"Port of Calais - Port Boulogne Calais","og_description":"The Port of Calais is at the heart of trade between France and the UK. Discover our activities: Ferry Terminal, Freight, Trade and Intermodal.","og_url":"https:\/\/www.portboulognecalais.fr\/en\/port-of-calais\/","og_site_name":"Port Boulogne Calais","article_publisher":"https:\/\/www.facebook.com\/PortBoulogneCalais#","article_modified_time":"2025-11-21T08:17:15+00:00","og_image":[{"width":2233,"height":1467,"url":"https:\/\/www.portboulognecalais.fr\/wp-content\/uploads\/2025\/09\/terminal-ferry-calais_contour.jpg","type":"image\/jpeg"}],"twitter_card":"summary_large_image","twitter_site":"@Port_BC","twitter_misc":{"Est. reading time":"3 minutes"},"schema":{"@context":"https:\/\/schema.org","@graph":[{"@type":"WebPage","@id":"https:\/\/www.portboulognecalais.fr\/en\/port-of-calais\/","url":"https:\/\/www.portboulognecalais.fr\/en\/port-of-calais\/","name":"Port of Calais - Port Boulogne Calais","isPartOf":{"@id":"https:\/\/www.portboulognecalais.fr\/en\/#website"},"primaryImageOfPage":{"@id":"https:\/\/www.portboulognecalais.fr\/en\/port-of-calais\/#primaryimage"},"image":{"@id":"https:\/\/www.portboulognecalais.fr\/en\/port-of-calais\/#primaryimage"},"thumbnailUrl":"https:\/\/www.portboulognecalais.fr\/wp-content\/uploads\/2025\/09\/terminal-ferry-calais_contour.jpg","datePublished":"2025-09-29T10:30:18+00:00","dateModified":"2025-11-21T08:17:15+00:00","description":"The Port of Calais is at the heart of trade between France and the UK. Discover our activities: Ferry Terminal, Freight, Trade and Intermodal.","breadcrumb":{"@id":"https:\/\/www.portboulognecalais.fr\/en\/port-of-calais\/#breadcrumb"},"inLanguage":"en-US","potentialAction":[{"@type":"ReadAction","target":["https:\/\/www.portboulognecalais.fr\/en\/port-of-calais\/"]}]},{"@type":"ImageObject","inLanguage":"en-US","@id":"https:\/\/www.portboulognecalais.fr\/en\/port-of-calais\/#primaryimage","url":"https:\/\/www.portboulognecalais.fr\/wp-content\/uploads\/2025\/09\/terminal-ferry-calais_contour.jpg","contentUrl":"https:\/\/www.portboulognecalais.fr\/wp-content\/uploads\/2025\/09\/terminal-ferry-calais_contour.jpg","width":2233,"height":1467},{"@type":"BreadcrumbList","@id":"https:\/\/www.portboulognecalais.fr\/en\/port-of-calais\/#breadcrumb","itemListElement":[{"@type":"ListItem","position":1,"name":"Accueil","item":"https:\/\/www.portboulognecalais.fr\/en\/"},{"@type":"ListItem","position":2,"name":"Port of Calais"}]},{"@type":"WebSite","@id":"https:\/\/www.portboulognecalais.fr\/en\/#website","url":"https:\/\/www.portboulognecalais.fr\/en\/","name":"Port Boulogne Calais","description":"","publisher":{"@id":"https:\/\/www.portboulognecalais.fr\/en\/#organization"},"potentialAction":[{"@type":"SearchAction","target":{"@type":"EntryPoint","urlTemplate":"https:\/\/www.portboulognecalais.fr\/en\/?s={search_term_string}"},"query-input":{"@type":"PropertyValueSpecification","valueRequired":true,"valueName":"search_term_string"}}],"inLanguage":"en-US"},{"@type":"Organization","@id":"https:\/\/www.portboulognecalais.fr\/en\/#organization","name":"Port Boulogne Calais","url":"https:\/\/www.portboulognecalais.fr\/en\/","logo":{"@type":"ImageObject","inLanguage":"en-US","@id":"https:\/\/www.portboulognecalais.fr\/en\/#\/schema\/logo\/image\/","url":"https:\/\/www.portboulognecalais.fr\/wp-content\/uploads\/2025\/03\/logo.svg","contentUrl":"https:\/\/www.portboulognecalais.fr\/wp-content\/uploads\/2025\/03\/logo.svg","caption":"Port Boulogne Calais"},"image":{"@id":"https:\/\/www.portboulognecalais.fr\/en\/#\/schema\/logo\/image\/"},"sameAs":["https:\/\/www.facebook.com\/PortBoulogneCalais#","https:\/\/x.com\/Port_BC","https:\/\/www.youtube.com\/channel\/UC6f5Gr3Oq_qtm9O9YWkcCbA","https:\/\/www.linkedin.com\/company\/port-boulogne-calais\/","https:\/\/www.instagram.com\/port_boulogne_calais\/"]}]}},"_links":{"self":[{"href":"https:\/\/www.portboulognecalais.fr\/en\/wp-json\/wp\/v2\/pages\/8309","targetHints":{"allow":["GET"]}}],"collection":[{"href":"https:\/\/www.portboulognecalais.fr\/en\/wp-json\/wp\/v2\/pages"}],"about":[{"href":"https:\/\/www.portboulognecalais.fr\/en\/wp-json\/wp\/v2\/types\/page"}],"author":[{"embeddable":true,"href":"https:\/\/www.portboulognecalais.fr\/en\/wp-json\/wp\/v2\/users\/1"}],"replies":[{"embeddable":true,"href":"https:\/\/www.portboulognecalais.fr\/en\/wp-json\/wp\/v2\/comments?post=8309"}],"version-history":[{"count":3,"href":"https:\/\/www.portboulognecalais.fr\/en\/wp-json\/wp\/v2\/pages\/8309\/revisions"}],"predecessor-version":[{"id":8743,"href":"https:\/\/www.portboulognecalais.fr\/en\/wp-json\/wp\/v2\/pages\/8309\/revisions\/8743"}],"wp:featuredmedia":[{"embeddable":true,"href":"https:\/\/www.portboulognecalais.fr\/en\/wp-json\/wp\/v2\/media\/6810"}],"wp:attachment":[{"href":"https:\/\/www.portboulognecalais.fr\/en\/wp-json\/wp\/v2\/media?parent=8309"}],"curies":[{"name":"wp","href":"https:\/\/api.w.org\/{rel}","templated":true}]}}